{"id":6915,"date":"2026-01-14T10:28:39","date_gmt":"2026-01-14T09:28:39","guid":{"rendered":"https:\/\/legrain.tribalt.agency\/?page_id=6915"},"modified":"2026-03-18T10:56:43","modified_gmt":"2026-03-18T09:56:43","slug":"contact","status":"publish","type":"page","link":"https:\/\/legrain.tribalt.agency\/?page_id=6915","title":{"rendered":"contact"},"content":{"rendered":"\t\t<div data-elementor-type=\"wp-page\" data-elementor-id=\"6915\" class=\"elementor elementor-6915\" data-elementor-post-type=\"page\">\n\t\t\t\t<div class=\"elementor-element elementor-element-1c1271d4 e-flex e-con-boxed e-con e-parent\" data-id=\"1c1271d4\" data-element_type=\"container\" data-e-type=\"container\">\n\t\t\t\t\t<div class=\"e-con-inner\">\n\t\t\t\t<div class=\"elementor-element elementor-element-4e8297f8 elementor-widget elementor-widget-qi_addons_for_elementor_section_title\" data-id=\"4e8297f8\" data-element_type=\"widget\" data-e-type=\"widget\" data-widget_type=\"qi_addons_for_elementor_section_title.default\">\n\t\t\t\t<div class=\"elementor-widget-container\">\n\t\t\t\t\t<div class=\"qodef-shortcode qodef-m qodef-qi-section-title qodef-decoration--italic qodef-link--underline-draw qodef-subtitle-icon--left\">\n\t\t\t\t\t\t<h2 class=\"qodef-m-title\">\n\t\tCONTACT\t<\/h2>\n\t\t\t<div class=\"qodef-m-text\"><p>Vous souhaitez entrer en contact avec le Club de l\u2019Audace, manifester un int\u00e9r\u00eat pour devenir membre, recommander une personne, devenir partenaire, proposer une intervention ou effectuer une demande presse ? <br \/>Nous vous invitons \u00e0 nous \u00e9crire.<\/p><\/div>\n\t<\/div>\n\t\t\t\t<\/div>\n\t\t\t\t<\/div>\n\t\t\t\t\t<\/div>\n\t\t\t\t<\/div>\n\t\t<div class=\"elementor-element elementor-element-87a7ade e-flex e-con-boxed e-con e-parent\" data-id=\"87a7ade\" data-element_type=\"container\" data-e-type=\"container\">\n\t\t\t\t\t<div class=\"e-con-inner\">\n\t\t<div class=\"elementor-element elementor-element-78fd9ca e-con-full e-flex e-con e-child\" data-id=\"78fd9ca\" data-element_type=\"container\" data-e-type=\"container\">\n\t\t\t\t<div class=\"elementor-element elementor-element-f511f1e elementor-button-align-start elementor-widget elementor-widget-form\" data-id=\"f511f1e\" data-element_type=\"widget\" data-e-type=\"widget\" data-settings=\"{&quot;step_next_label&quot;:&quot;Next&quot;,&quot;step_previous_label&quot;:&quot;Previous&quot;,&quot;button_width&quot;:&quot;100&quot;,&quot;step_type&quot;:&quot;number_text&quot;,&quot;step_icon_shape&quot;:&quot;circle&quot;}\" data-widget_type=\"form.default\">\n\t\t\t\t\t\t\t<form class=\"elementor-form\" method=\"post\" name=\"Contact\" aria-label=\"Contact\">\n\t\t\t<input type=\"hidden\" name=\"post_id\" value=\"6915\"\/>\n\t\t\t<input type=\"hidden\" name=\"form_id\" value=\"f511f1e\"\/>\n\t\t\t<input type=\"hidden\" name=\"referer_title\" value=\"contact\" \/>\n\n\t\t\t\t\t\t\t<input type=\"hidden\" name=\"queried_id\" value=\"6915\"\/>\n\t\t\t\n\t\t\t<div class=\"elementor-form-fields-wrapper elementor-labels-\">\n\t\t\t\t\t\t\t\t<div class=\"elementor-field-type-text elementor-field-group elementor-column elementor-field-group-name elementor-col-50\">\n\t\t\t\t\t\t\t\t\t\t\t\t<label for=\"form-field-name\" class=\"elementor-field-label elementor-screen-only\">\n\t\t\t\t\t\t\t\tPr\u00e9nom\t\t\t\t\t\t\t<\/label>\n\t\t\t\t\t\t\t\t\t\t\t\t\t\t<input size=\"1\" type=\"text\" name=\"form_fields[name]\" id=\"form-field-name\" class=\"elementor-field elementor-size-sm  elementor-field-textual\" placeholder=\"Pr\u00e9nom\">\n\t\t\t\t\t\t\t\t\t\t\t<\/div>\n\t\t\t\t\t\t\t\t<div class=\"elementor-field-type-text elementor-field-group elementor-column elementor-field-group-field_f8544a1 elementor-col-50\">\n\t\t\t\t\t\t\t\t\t\t\t\t<label for=\"form-field-field_f8544a1\" class=\"elementor-field-label elementor-screen-only\">\n\t\t\t\t\t\t\t\tNom\t\t\t\t\t\t\t<\/label>\n\t\t\t\t\t\t\t\t\t\t\t\t\t\t<input size=\"1\" type=\"text\" name=\"form_fields[field_f8544a1]\" id=\"form-field-field_f8544a1\" class=\"elementor-field elementor-size-sm  elementor-field-textual\" placeholder=\"Nom\">\n\t\t\t\t\t\t\t\t\t\t\t<\/div>\n\t\t\t\t\t\t\t\t<div class=\"elementor-field-type-text elementor-field-group elementor-column elementor-field-group-field_1c95b9e elementor-col-50\">\n\t\t\t\t\t\t\t\t\t\t\t\t<label for=\"form-field-field_1c95b9e\" class=\"elementor-field-label elementor-screen-only\">\n\t\t\t\t\t\t\t\tOrganisation\t\t\t\t\t\t\t<\/label>\n\t\t\t\t\t\t\t\t\t\t\t\t\t\t<input size=\"1\" type=\"text\" name=\"form_fields[field_1c95b9e]\" id=\"form-field-field_1c95b9e\" class=\"elementor-field elementor-size-sm  elementor-field-textual\" placeholder=\"Organisation\">\n\t\t\t\t\t\t\t\t\t\t\t<\/div>\n\t\t\t\t\t\t\t\t<div class=\"elementor-field-type-text elementor-field-group elementor-column elementor-field-group-field_e33f900 elementor-col-50\">\n\t\t\t\t\t\t\t\t\t\t\t\t<label for=\"form-field-field_e33f900\" class=\"elementor-field-label elementor-screen-only\">\n\t\t\t\t\t\t\t\tFonction\t\t\t\t\t\t\t<\/label>\n\t\t\t\t\t\t\t\t\t\t\t\t\t\t<input size=\"1\" type=\"text\" name=\"form_fields[field_e33f900]\" id=\"form-field-field_e33f900\" class=\"elementor-field elementor-size-sm  elementor-field-textual\" placeholder=\"Fonction\">\n\t\t\t\t\t\t\t\t\t\t\t<\/div>\n\t\t\t\t\t\t\t\t<div class=\"elementor-field-type-email elementor-field-group elementor-column elementor-field-group-email elementor-col-50 elementor-field-required\">\n\t\t\t\t\t\t\t\t\t\t\t\t<label for=\"form-field-email\" class=\"elementor-field-label elementor-screen-only\">\n\t\t\t\t\t\t\t\tEmail\t\t\t\t\t\t\t<\/label>\n\t\t\t\t\t\t\t\t\t\t\t\t\t\t<input size=\"1\" type=\"email\" name=\"form_fields[email]\" id=\"form-field-email\" class=\"elementor-field elementor-size-sm  elementor-field-textual\" placeholder=\"Email\" required=\"required\">\n\t\t\t\t\t\t\t\t\t\t\t<\/div>\n\t\t\t\t\t\t\t\t<div class=\"elementor-field-type-text elementor-field-group elementor-column elementor-field-group-field_fa76714 elementor-col-50 elementor-field-required\">\n\t\t\t\t\t\t\t\t\t\t\t\t<label for=\"form-field-field_fa76714\" class=\"elementor-field-label elementor-screen-only\">\n\t\t\t\t\t\t\t\tT\u00e9l\u00e9phone\t\t\t\t\t\t\t<\/label>\n\t\t\t\t\t\t\t\t\t\t\t\t\t\t<input size=\"1\" type=\"text\" name=\"form_fields[field_fa76714]\" id=\"form-field-field_fa76714\" class=\"elementor-field elementor-size-sm  elementor-field-textual\" placeholder=\"T\u00e9l\u00e9phone\" required=\"required\">\n\t\t\t\t\t\t\t\t\t\t\t<\/div>\n\t\t\t\t\t\t\t\t<div class=\"elementor-field-type-checkbox elementor-field-group elementor-column elementor-field-group-field_34268c7 elementor-col-100\">\n\t\t\t\t\t\t\t\t\t\t\t\t<label for=\"form-field-field_34268c7\" class=\"elementor-field-label elementor-screen-only\">\n\t\t\t\t\t\t\t\tMotif de votre contact :\t\t\t\t\t\t\t<\/label>\n\t\t\t\t\t\t<div class=\"elementor-field-subgroup  elementor-subgroup-inline\"><span class=\"elementor-field-option\"><input type=\"checkbox\" value=\"Demande d\u2019adh\u00e9sion\" id=\"form-field-field_34268c7-0\" name=\"form_fields[field_34268c7][]\"> <label for=\"form-field-field_34268c7-0\">Demande d\u2019adh\u00e9sion<\/label><\/span><span class=\"elementor-field-option\"><input type=\"checkbox\" value=\"Recommandation \/ cooptation d\u2019un futur membre\" id=\"form-field-field_34268c7-1\" name=\"form_fields[field_34268c7][]\"> <label for=\"form-field-field_34268c7-1\">Recommandation \/ cooptation d\u2019un futur membre<\/label><\/span><span class=\"elementor-field-option\"><input type=\"checkbox\" value=\"Devenir partenaire\" id=\"form-field-field_34268c7-2\" name=\"form_fields[field_34268c7][]\"> <label for=\"form-field-field_34268c7-2\">Devenir partenaire<\/label><\/span><span class=\"elementor-field-option\"><input type=\"checkbox\" value=\"Proposer une intervention\" id=\"form-field-field_34268c7-3\" name=\"form_fields[field_34268c7][]\"> <label for=\"form-field-field_34268c7-3\">Proposer une intervention<\/label><\/span><span class=\"elementor-field-option\"><input type=\"checkbox\" value=\"Presse \/ m\u00e9dia\" id=\"form-field-field_34268c7-4\" name=\"form_fields[field_34268c7][]\"> <label for=\"form-field-field_34268c7-4\">Presse \/ m\u00e9dia<\/label><\/span><span class=\"elementor-field-option\"><input type=\"checkbox\" value=\"Autre\" id=\"form-field-field_34268c7-5\" name=\"form_fields[field_34268c7][]\"> <label for=\"form-field-field_34268c7-5\">Autre<\/label><\/span><\/div>\t\t\t\t<\/div>\n\t\t\t\t\t\t\t\t<div class=\"elementor-field-type-textarea elementor-field-group elementor-column elementor-field-group-message elementor-col-100\">\n\t\t\t\t\t\t\t\t\t\t\t\t<label for=\"form-field-message\" class=\"elementor-field-label elementor-screen-only\">\n\t\t\t\t\t\t\t\tMessage\t\t\t\t\t\t\t<\/label>\n\t\t\t\t\t\t<textarea class=\"elementor-field-textual elementor-field  elementor-size-sm\" name=\"form_fields[message]\" id=\"form-field-message\" rows=\"4\" placeholder=\"Message\"><\/textarea>\t\t\t\t<\/div>\n\t\t\t\t\t\t\t\t<div class=\"elementor-field-group elementor-column elementor-field-type-submit elementor-col-100 e-form__buttons\">\n\t\t\t\t\t<button class=\"elementor-button elementor-size-sm\" type=\"submit\">\n\t\t\t\t\t\t<span class=\"elementor-button-content-wrapper\">\n\t\t\t\t\t\t\t\t\t\t\t\t\t\t\t\t\t\t\t\t\t\t<span class=\"elementor-button-text\">ENVOYER<\/span>\n\t\t\t\t\t\t\t\t\t\t\t\t\t<\/span>\n\t\t\t\t\t<\/button>\n\t\t\t\t<\/div>\n\t\t\t<\/div>\n\t\t<\/form>\n\t\t\t\t\t\t<\/div>\n\t\t\t\t<\/div>\n\t\t\t\t\t<\/div>\n\t\t\t\t<\/div>\n\t\t<div class=\"elementor-element elementor-element-77e3245 e-con-full e-flex e-con e-parent\" data-id=\"77e3245\" data-element_type=\"container\" data-e-type=\"container\" data-settings=\"{&quot;background_background&quot;:&quot;classic&quot;}\">\n\t\t\t\t<div class=\"elementor-element elementor-element-9f310da elementor-widget elementor-widget-text-editor\" data-id=\"9f310da\" data-element_type=\"widget\" data-e-type=\"widget\" data-widget_type=\"text-editor.default\">\n\t\t\t\t\t\t\t\t\t<p>Vous pouvez \u00e9galement nous \u00e9crire directement et en toute confidentialit\u00e9 \u00e0 l\u2019adresse suivante :\u00a0<a href=\"mailto:contact@club-audace.com\">contact@club-audace.com<\/a><\/p>\t\t\t\t\t\t\t\t<\/div>\n\t\t\t\t<\/div>\n\t\t\t\t<\/div>\n\t\t","protected":false},"excerpt":{"rendered":"<p>CONTACT Vous souhaitez entrer en contact avec le Club de l\u2019Audace, manifester un int\u00e9r\u00eat pour devenir membre, recommander une personne, devenir partenaire, proposer une intervention ou effectuer une demande presse ? Nous vous invitons \u00e0 nous \u00e9crire. Vous pouvez \u00e9galement nous \u00e9crire directement et en toute confidentialit\u00e9 \u00e0 l\u2019adresse suivante :\u00a0contact@club-audace.com<\/p>\n","protected":false},"author":1,"featured_media":0,"parent":0,"menu_order":0,"comment_status":"closed","ping_status":"closed","template":"page-full-width.php","meta":{"_acf_changed":false,"footnotes":""},"class_list":["post-6915","page","type-page","status-publish","hentry"],"acf":[],"_links":{"self":[{"href":"https:\/\/legrain.tribalt.agency\/index.php?rest_route=\/wp\/v2\/pages\/6915","targetHints":{"allow":["GET"]}}],"collection":[{"href":"https:\/\/legrain.tribalt.agency\/index.php?rest_route=\/wp\/v2\/pages"}],"about":[{"href":"https:\/\/legrain.tribalt.agency\/index.php?rest_route=\/wp\/v2\/types\/page"}],"author":[{"embeddable":true,"href":"https:\/\/legrain.tribalt.agency\/index.php?rest_route=\/wp\/v2\/users\/1"}],"replies":[{"embeddable":true,"href":"https:\/\/legrain.tribalt.agency\/index.php?rest_route=%2Fwp%2Fv2%2Fcomments&post=6915"}],"version-history":[{"count":58,"href":"https:\/\/legrain.tribalt.agency\/index.php?rest_route=\/wp\/v2\/pages\/6915\/revisions"}],"predecessor-version":[{"id":47823,"href":"https:\/\/legrain.tribalt.agency\/index.php?rest_route=\/wp\/v2\/pages\/6915\/revisions\/47823"}],"wp:attachment":[{"href":"https:\/\/legrain.tribalt.agency\/index.php?rest_route=%2Fwp%2Fv2%2Fmedia&parent=6915"}],"curies":[{"name":"wp","href":"https:\/\/api.w.org\/{rel}","templated":true}]}}