{"id":6907,"date":"2026-01-14T10:27:29","date_gmt":"2026-01-14T09:27:29","guid":{"rendered":"https:\/\/legrain.tribalt.agency\/?page_id=6907"},"modified":"2026-03-17T16:44:08","modified_gmt":"2026-03-17T15:44:08","slug":"le-club","status":"publish","type":"page","link":"https:\/\/legrain.tribalt.agency\/?page_id=6907","title":{"rendered":"Le Club"},"content":{"rendered":"\t\t<div data-elementor-type=\"wp-page\" data-elementor-id=\"6907\" class=\"elementor elementor-6907\" data-elementor-post-type=\"page\">\n\t\t\t\t<div class=\"elementor-element elementor-element-074ac08 e-flex e-con-boxed e-con e-parent\" data-id=\"074ac08\" data-element_type=\"container\" data-e-type=\"container\">\n\t\t\t\t\t<div class=\"e-con-inner\">\n\t\t<div class=\"elementor-element elementor-element-cee6099 e-con-full e-flex e-con e-child\" data-id=\"cee6099\" data-element_type=\"container\" data-e-type=\"container\">\n\t\t\t\t<div class=\"elementor-element elementor-element-65311a6 elementor-widget elementor-widget-heading\" data-id=\"65311a6\" data-element_type=\"widget\" data-e-type=\"widget\" data-widget_type=\"heading.default\">\n\t\t\t\t\t<h2 class=\"elementor-heading-title elementor-size-default\">lE CLUB<\/h2>\t\t\t\t<\/div>\n\t\t\t\t<div class=\"elementor-element elementor-element-d465adc elementor-widget elementor-widget-text-editor\" data-id=\"d465adc\" data-element_type=\"widget\" data-e-type=\"widget\" data-widget_type=\"text-editor.default\">\n\t\t\t\t\t\t\t\t\t<h3><strong>Histoire et raison d\u2019\u00eatre<\/strong><\/h3><p>Cr\u00e9\u00e9 en 2003 par Thomas Legrain avec le soutien de Christian Poncelet, alors Pr\u00e9sident du S\u00e9nat, le Club de l\u2019Audace est n\u00e9 d\u2019une conviction fondatrice : la rencontre est un levier essentiel pour comprendre le monde, cr\u00e9er du lien et agir collectivement.<\/p><p>Depuis plus de vingt ans, le Club organise et favorise des rencontres r\u00e9guli\u00e8res entre dirigeants d\u2019entreprises, entrepreneurs, professionnels du conseil, journalistes, acteurs du secteur public, ainsi que des artistes, des sportifs et des repr\u00e9sentants du monde culturel. Ces rencontres ont pour vocation de croiser les regards et les exp\u00e9riences, dans un esprit d\u2019ouverture et de respect mutuel.<\/p><p>Chaque mois, autour d\u2019un invit\u00e9 de premier plan, le Club propose des temps d\u2019\u00e9change et de d\u00e9bat consacr\u00e9s aux grands enjeux contemporains. Ces rencontres\u00a0privil\u00e9gient la libert\u00e9 de parole, la confrontation constructive des id\u00e9es et la diversit\u00e9 des points de vue, afin de nourrir la r\u00e9flexion et d\u2019\u00e9clairer l\u2019action.<\/p>\t\t\t\t\t\t\t\t<\/div>\n\t\t\t\t<\/div>\n\t\t\t\t\t<\/div>\n\t\t\t\t<\/div>\n\t\t<div class=\"elementor-element elementor-element-ac61aff e-flex e-con-boxed e-con e-parent\" data-id=\"ac61aff\" data-element_type=\"container\" data-e-type=\"container\">\n\t\t\t\t\t<div class=\"e-con-inner\">\n\t\t\t\t<div class=\"elementor-element elementor-element-eee5a3f elementor-widget elementor-widget-text-editor\" data-id=\"eee5a3f\" data-element_type=\"widget\" data-e-type=\"widget\" data-widget_type=\"text-editor.default\">\n\t\t\t\t\t\t\t\t\t<h3><strong>Quatre cercles th\u00e9matiques, territoriaux et affinitaires<\/strong><\/h3><p>En compl\u00e9ment des petits-d\u00e9jeuners mensuels, le Club de l\u2019Audace a d\u00e9velopp\u00e9 quatre cercles, afin d\u2019organiser des rencontres autour de sujets sp\u00e9cifiques ou de r\u00e9unir des publics cibl\u00e9s :<\/p><ul><li>le Cercle des D\u00e9cideurs,<\/li><li>le Cercle RH,<\/li><li>le Cercle Sport et Entreprise,<\/li><li>le Cercle de l\u2019Audace en Pays de Grasse.<\/li><\/ul><p>Ces cercles offrent des cadres d\u00e9di\u00e9s de rencontre, permettant aux participants de se retrouver entre pairs, de croiser leurs regards et de nourrir une r\u00e9flexion collective, dans un esprit fid\u00e8le aux valeurs du Club : \u00e9coute, dialogue et convivialit\u00e9.<\/p>\t\t\t\t\t\t\t\t<\/div>\n\t\t\t\t<div class=\"elementor-element elementor-element-7b32bd6 elementor-widget elementor-widget-text-editor\" data-id=\"7b32bd6\" data-element_type=\"widget\" data-e-type=\"widget\" data-widget_type=\"text-editor.default\">\n\t\t\t\t\t\t\t\t\t<h3><strong>Une approche centr\u00e9e sur l\u2019humain, le lien et l\u2019action<\/strong><\/h3><p>Chaque \u00e9v\u00e9nement du Club de l\u2019Audace est pens\u00e9 comme un moment de rencontre authentique, o\u00f9 l\u2019on prend le temps d\u2019\u00e9couter, d\u2019\u00e9changer et de s\u2019entraider. Le Club favorise ainsi la construction d\u2019un r\u00e9seau fond\u00e9 sur la confiance, le sens du collectif et la qualit\u00e9 des relations.<\/p><p>A l\u2019heure de l\u2019intelligence artificielle et de l\u2019acc\u00e9l\u00e9ration des usages num\u00e9riques, le Club de l\u2019Audace r\u00e9affirme plus que jamais la place centrale de l\u2019intelligence humaine, relationnelle et \u00e9motionnelle. Il cr\u00e9e des espaces de rencontre et de dialogue o\u00f9 la diversit\u00e9 des parcours et des exp\u00e9riences devient une richesse, et o\u00f9 les points de vue peuvent se confronter librement.<\/p><p>En redonnant toute sa place \u00e0 la parole, \u00e0 l\u2019\u00e9coute et \u00e0 la pr\u00e9sence, le Club de l\u2019Audace fait de la rencontre un v\u00e9ritable levier pour comprendre, d\u00e9cider et agir ensemble. Il contribue ainsi \u00e0 faire \u00e9merger des exp\u00e9riences collectives durables, fond\u00e9es sur un vivre-ensemble conscient, responsable et r\u00e9solument humain.<\/p><p>Le Club de l\u2019Audace s\u2019adresse \u00e0 celles et ceux qui souhaitent prendre le temps de la rencontre pour mieux comprendre, d\u00e9cider et agir.<\/p>\t\t\t\t\t\t\t\t<\/div>\n\t\t\t\t<div class=\"elementor-element elementor-element-bd29071 elementor-widget elementor-widget-text-editor\" data-id=\"bd29071\" data-element_type=\"widget\" data-e-type=\"widget\" data-widget_type=\"text-editor.default\">\n\t\t\t\t\t\t\t\t\t<p><strong>Rejoindre le Club de l\u2019Audace, c\u2019est faire le choix de la rencontre, du dialogue et de l\u2019action.<\/strong><\/p>\t\t\t\t\t\t\t\t<\/div>\n\t\t<div class=\"elementor-element elementor-element-da7248c e-con-full e-flex e-con e-child\" data-id=\"da7248c\" data-element_type=\"container\" data-e-type=\"container\">\n\t\t\t\t<div class=\"elementor-element elementor-element-65ff0550 elementor-widget elementor-widget-tadao_core_button\" data-id=\"65ff0550\" data-element_type=\"widget\" data-e-type=\"widget\" data-widget_type=\"tadao_core_button.default\">\n\t\t\t\t<div class=\"elementor-widget-container\">\n\t\t\t\t\t<a class=\"qodef-shortcode qodef-m qodef-button qodef-layout--filled qodef-html--link\" href=\"https:\/\/legrain.tribalt.agency\/?page_id=6911\" target=\"_self\"  >\n\t<span class=\"qodef-m-text\">Devenir membre<\/span>\n<\/a>\n\t\t\t\t<\/div>\n\t\t\t\t<\/div>\n\t\t\t\t<div class=\"elementor-element elementor-element-37a6bc2e elementor-widget elementor-widget-tadao_core_button\" data-id=\"37a6bc2e\" data-element_type=\"widget\" data-e-type=\"widget\" data-widget_type=\"tadao_core_button.default\">\n\t\t\t\t<div class=\"elementor-widget-container\">\n\t\t\t\t\t<a class=\"qodef-shortcode qodef-m qodef-button qodef-layout--filled qodef-html--link\" href=\"https:\/\/legrain.tribalt.agency\/?page_id=6913\" target=\"_self\"  >\n\t<span class=\"qodef-m-text\">Devenir partenaire<\/span>\n<\/a>\n\t\t\t\t<\/div>\n\t\t\t\t<\/div>\n\t\t\t\t<\/div>\n\t\t\t\t\t<\/div>\n\t\t\t\t<\/div>\n\t\t<div class=\"elementor-element elementor-element-f289a7b e-flex e-con-boxed e-con e-parent\" data-id=\"f289a7b\" data-element_type=\"container\" data-e-type=\"container\">\n\t\t\t\t\t<div class=\"e-con-inner\">\n\t\t\t\t<div class=\"elementor-element elementor-element-8c898d4 elementor-widget elementor-widget-text-editor\" data-id=\"8c898d4\" data-element_type=\"widget\" data-e-type=\"widget\" data-widget_type=\"text-editor.default\">\n\t\t\t\t\t\t\t\t\t<h3>ILS NOUS ONT FAIT L&rsquo;HONNEUR D&rsquo;INTERVENIR<\/h3><p><em>David ABIKER, Thierry ADELINE, Jean-Pierre ALIX, Fran\u00e7ois ALU, Alexis ANGOT, Julie ANNERY, Agn\u00e8s ARCIER, Edward ARKWRIGHT, Jean ARVIS, Maud BAILLY, Thierry BARIL, Patrick BASSET, Olivier BASSO, Benoit BATTISTELLI, Fr\u00e9d\u00e9ric BEDIN, Charles BEIGBEDER, C\u00e9cile BELIOT-ZIND, Son Excellence Monsieur Chakib BENMOUSSA, Jean-Fran\u00e7ois BERNARDIN, Jean-Paul BETBEZE, Xavier BEULIN, Philippe BILGER, Jean-Michel BILLAUT, Hugo BIOLLEY, Christian BLANC, Jean-Michel BLANQUER, Philippe BLOCH, Marcel BOTTON, Malek BOUKERCHI, Micha\u00ebl BOUMENDIL, H\u00e9l\u00e8ne BOURBOULOUX, Agn\u00e8s BRICARD, Philippe BRIZON, Marie-Laure BUISSON, Olivier BUQUEN, Son Excellence Monsieur Tahsin BURCUOGLU, Pascal CAGNI, Bernard CAIAZZO, Thierry CAMMAS, Gilles CARREZ, Christophe CAUPENNE, Alain CAYZAC, Bruno CERCLEY, Guillaume CERUTTI, le G\u00e9n\u00e9ral de corps d\u2019arm\u00e9e Herv\u00e9 CHARPENTIER, Denis CHARVET, Christophe CHENUT, Yazid CHIR, Antoine COLBOC, Bertrand COLLOMB, Beno\u00eet COQUART, Fran\u00e7ois CORNUT-GENTILLE, Michel COSTIOU, Michel CYMES, Axel DAUCHEZ, Christian de BAECQUE, Pierre-Andr\u00e9 de CHALENDAR, Anne de GUIGNE, S\u00e9bastien de LAFOND, Henri de MAUBLANC, Etienne de PONCINS, Arnaud de PUYFONTAINE, Jean-Paul DEBEURET, Jean-Paul DELEVOYE, Jean-Claude DELGENES, Richard DESCOINGS, Bernard DEVERT, Philippe DOUSTE-BLAZY, Fran\u00e7ois DROUIN, Jean-Bertrand DRUMMEN, St\u00e9phane DUBOIS, Elina DUMONT, Yves ENREGLE, Mercedes ERRA, Jean-Michel FAUVERGUE, Jean-Pierre FARANDOU, Val\u00e9rie FAYARD, Olivier FERRAND, Benjamin FERRE, Pierre FLEURIOT, Xavier FONTANET, Jean-Louis FOUSSERET, Jean-Christophe FROMANTIN, Jacques GARAIALDE, Frank GARNIER, Jacques GAUTIER, Philippe GENOULAZ, le G\u00e9n\u00e9ral de corps d\u2019arm\u00e9e Pierre-Joseph GIVRE, Philippe GLOAGUEN, Patrice GOLLIER, Philippe GOULLIAUD, Carole GRANDJEAN, Ludovic de GROMARD, Jean GUETTA, Jean-Louis GUIGOU, Michel GUILBAUD, Daniel HARARI, J\u00e9r\u00f4me HERVE, Fran\u00e7ois HUREL, Pierre-Andr\u00e9 IMBERT, Sylvie JEHANNO, Antoine JOUTEAU, Alain JUILLET, Jean-Fran\u00e7ois JULLIARD, Daniel KAHN, G\u00e9rald KARSENTI, Jean KASPAR, Pierre KOSCIUSKO-MORIZET, Nathalie KOSCIUSKO-MORIZET, Carine KRAUS, Laurent KOTT, Henri LACHMANN, Sophie LACOSTE, Bruno LAFONT, Jean-Bernard LAFONTA, Thibault LANXADE, Pierre LAPEGUE, Gr\u00e9goire LASSALLE, Helios LATCHOUMANAYA, St\u00e9phane LAYANI, Jean-Claude LE GRAND, St\u00e9ven LE HYARIC, R\u00e9gis LE SOMMIER, Christiane LECOCQ, Tristan LECOMTE, Henri LECONTE, Thomas LEGRAIN, Olivier LEGRAIN, Philippe LEMOINE, Philippe LENTSCHENER, Jean-Fran\u00e7ois LEPETIT, Nicolas LESUR, Olivier LETANG, Jean-Bernard LEVY, Thomas LOMBARD, G\u00e9rard LONGUET, Jean-Herv\u00e9 LORENZI, Franck LOUVRIER, Jean-Claude MAILLY, Richard MALLIE, Philippe MARINI, Muriel MAYETTE, Fr\u00e9d\u00e9ric MAZZELLA, Alain MEAR, Pierre MEHAIGNERIE, Maurice MEYARA, Paul MIDY, Yves MILLARDET, Arnaud MONTEBOURG, Isabelle MORDANT, Herv\u00e9 MORIN, Jean-Marc MORMECK, Xavier MUSCA, Philippe, MUTRICY, Olivier NYOKAS, Herv\u00e9 NOVELLI, Maria NOWAK, Christian NOYER, Am\u00e9lie OUDEA-CASTERA, Fr\u00e9d\u00e9ric OUDEA, Pierre PAGESSE, Le G\u00e9n\u00e9ral d\u2019arm\u00e9e a\u00e9rienne (2s) Jean-Paul PALOMEROS, Augustin PALUEL-MARMONT, Denis PAYRE, Val\u00e9rie PECRESSE, Gilles PELISSON, Fran\u00e7ois PEROL, Louis PETIET, Thierry PETIT, Jean-Luc PETITHUGUENIN, Boris POURREAU, Patrick POUYANNE, Jean-Pierre RAFFARIN, Xavier RAUFER, Andr\u00e9 RENAUDIN, Dominique RESTINO, Sylvie RETAILLEAU, Frank RIBUOT, Son Excellence Sir Peter RICKETTS, Franck RIESTER, Son Excellence Madame Anne Dorte RIGGELSEN, Lo\u00efck ROCHE, Vincent ROGER, Augustin de ROMANET, Xavier ROMATET, Jean-Jacques ROSA, Jean-Fran\u00e7ois ROUBAUD, Geo_roy ROUX de BEZIEUX, Alexandre RUBIN, Yazid SABEG, Thierry SAUSSEZ, Louis SCHWEITZER, Didier SICARD, Mathieu SIDOKPOHOU, Alain SIMAC, Bertrand SOUBELET, Raymond SOUBIE, Bernard SPITZ, Nicolas de TAVERNOST, Martial THEVENOT, Matthieu TORDEUR, Gr\u00e9gory TREBAOL, Guy VASSEUR, Martin VIAL, C\u00e9dric VILLANI, Jean-Claude VOLOT, Laurent WAUQUIEZ, Alain WEILL, Patrick WERNER, Eric WOERTH<\/em>.<\/p>\t\t\t\t\t\t\t\t<\/div>\n\t\t\t\t\t<\/div>\n\t\t\t\t<\/div>\n\t\t\t\t<\/div>\n\t\t","protected":false},"excerpt":{"rendered":"<p>lE CLUB Histoire et raison d\u2019\u00eatre Cr\u00e9\u00e9 en 2003 par Thomas Legrain avec le soutien de Christian Poncelet, alors Pr\u00e9sident du S\u00e9nat, le Club de l\u2019Audace est n\u00e9 d\u2019une conviction fondatrice : la rencontre est un levier essentiel pour comprendre le monde, cr\u00e9er du lien et agir collectivement. Depuis plus de vingt ans, le Club [&hellip;]<\/p>\n","protected":false},"author":1,"featured_media":0,"parent":0,"menu_order":0,"comment_status":"closed","ping_status":"closed","template":"","meta":{"_acf_changed":false,"footnotes":""},"class_list":["post-6907","page","type-page","status-publish","hentry"],"acf":[],"_links":{"self":[{"href":"https:\/\/legrain.tribalt.agency\/index.php?rest_route=\/wp\/v2\/pages\/6907","targetHints":{"allow":["GET"]}}],"collection":[{"href":"https:\/\/legrain.tribalt.agency\/index.php?rest_route=\/wp\/v2\/pages"}],"about":[{"href":"https:\/\/legrain.tribalt.agency\/index.php?rest_route=\/wp\/v2\/types\/page"}],"author":[{"embeddable":true,"href":"https:\/\/legrain.tribalt.agency\/index.php?rest_route=\/wp\/v2\/users\/1"}],"replies":[{"embeddable":true,"href":"https:\/\/legrain.tribalt.agency\/index.php?rest_route=%2Fwp%2Fv2%2Fcomments&post=6907"}],"version-history":[{"count":59,"href":"https:\/\/legrain.tribalt.agency\/index.php?rest_route=\/wp\/v2\/pages\/6907\/revisions"}],"predecessor-version":[{"id":47735,"href":"https:\/\/legrain.tribalt.agency\/index.php?rest_route=\/wp\/v2\/pages\/6907\/revisions\/47735"}],"wp:attachment":[{"href":"https:\/\/legrain.tribalt.agency\/index.php?rest_route=%2Fwp%2Fv2%2Fmedia&parent=6907"}],"curies":[{"name":"wp","href":"https:\/\/api.w.org\/{rel}","templated":true}]}}