{"id":46585,"date":"2026-01-27T10:54:52","date_gmt":"2026-01-27T09:54:52","guid":{"rendered":"https:\/\/legrain.tribalt.agency\/?page_id=46585"},"modified":"2026-03-18T11:03:37","modified_gmt":"2026-03-18T10:03:37","slug":"mentions-legales","status":"publish","type":"page","link":"https:\/\/legrain.tribalt.agency\/?page_id=46585","title":{"rendered":"Mentions l\u00e9gales"},"content":{"rendered":"\t\t<div data-elementor-type=\"wp-page\" data-elementor-id=\"46585\" class=\"elementor elementor-46585\" data-elementor-post-type=\"page\">\n\t\t\t\t<div class=\"elementor-element elementor-element-b4e32e8 e-flex e-con-boxed e-con e-parent\" data-id=\"b4e32e8\" data-element_type=\"container\" data-e-type=\"container\">\n\t\t\t\t\t<div class=\"e-con-inner\">\n\t\t\t\t<div class=\"elementor-element elementor-element-4062ffd elementor-widget elementor-widget-heading\" data-id=\"4062ffd\" data-element_type=\"widget\" data-e-type=\"widget\" data-widget_type=\"heading.default\">\n\t\t\t\t\t<h2 class=\"elementor-heading-title elementor-size-default\">Mentions l\u00e9gales<\/h2>\t\t\t\t<\/div>\n\t\t\t\t\t<\/div>\n\t\t\t\t<\/div>\n\t\t<div class=\"elementor-element elementor-element-6879529 e-flex e-con-boxed e-con e-parent\" data-id=\"6879529\" data-element_type=\"container\" data-e-type=\"container\">\n\t\t\t\t\t<div class=\"e-con-inner\">\n\t\t\t\t<div class=\"elementor-element elementor-element-b66200a elementor-widget elementor-widget-text-editor\" data-id=\"b66200a\" data-element_type=\"widget\" data-e-type=\"widget\" data-widget_type=\"text-editor.default\">\n\t\t\t\t\t\t\t\t\t<p>EDITEUR DU SITE<\/p><p>Le pr\u00e9sent site internet, accessible \u00e0 l\u2019adresse <a href=\"https:\/\/www.club-audace.com\" data-auth=\"NotApplicable\">https:\/\/www.club-audace.com<\/a>, est \u00e9dit\u00e9 par :<\/p><p>Thomas Legrain Conseil<br \/>Soci\u00e9t\u00e9 par actions simplifi\u00e9e (SAS)<br \/>Au capital de 229 050 \u20ac<\/p><p>Si\u00e8ge social : 6, avenue Rachel \u2013 75018 Paris \u2013 France<br \/>Immatricul\u00e9e au RCS de Paris sous le num\u00e9ro 451 022 354<br \/>SIRET : 451 022 354 00034<br \/>TVA intracommunautaire : FR09 451 022 354<\/p><p>Directeur de la publication : Thomas Legrain<br \/>Adresse de contact : <a href=\"mailto:contact@club-audace.com\">contact@club-audace.com<\/a><\/p><p>MARQUE<\/p><p>Le Club de l\u2019Audace est une marque exploit\u00e9e par la soci\u00e9t\u00e9 Thomas Legrain Conseil. Toute reproduction ou repr\u00e9sentation, totale ou partielle, sans autorisation \u00e9crite pr\u00e9alable de Thomas Legrain Conseil, est interdite.<\/p><p>HEBERGEMENT<\/p><p>OVH SAS<br \/>2 rue Kellermann<br \/>59100 Roubaix \u2013 France<br \/><a href=\"http:\/\/www.ovh.com\">www.ovh.com<\/a><\/p><p>PROPRIETE INTELLECTUELLE<\/p><p>L\u2019ensemble des contenus pr\u00e9sents sur le site (textes, images, photographies, vid\u00e9os, logos, \u00e9l\u00e9ments graphiques, structure, etc.) est prot\u00e9g\u00e9 par le Code de la propri\u00e9t\u00e9 intellectuelle.<br \/>Toute reproduction, repr\u00e9sentation ou exploitation sans autorisation pr\u00e9alable \u00e9crite est interdite.<\/p>\t\t\t\t\t\t\t\t<\/div>\n\t\t\t\t\t<\/div>\n\t\t\t\t<\/div>\n\t\t\t\t<\/div>\n\t\t","protected":false},"excerpt":{"rendered":"<p>Mentions l\u00e9gales EDITEUR DU SITE Le pr\u00e9sent site internet, accessible \u00e0 l\u2019adresse https:\/\/www.club-audace.com, est \u00e9dit\u00e9 par : Thomas Legrain ConseilSoci\u00e9t\u00e9 par actions simplifi\u00e9e (SAS)Au capital de 229 050 \u20ac Si\u00e8ge social : 6, avenue Rachel \u2013 75018 Paris \u2013 FranceImmatricul\u00e9e au RCS de Paris sous le num\u00e9ro 451 022 354SIRET : 451 022 354 00034TVA [&hellip;]<\/p>\n","protected":false},"author":1,"featured_media":0,"parent":0,"menu_order":0,"comment_status":"closed","ping_status":"closed","template":"","meta":{"_acf_changed":false,"footnotes":""},"class_list":["post-46585","page","type-page","status-publish","hentry"],"acf":[],"_links":{"self":[{"href":"https:\/\/legrain.tribalt.agency\/index.php?rest_route=\/wp\/v2\/pages\/46585","targetHints":{"allow":["GET"]}}],"collection":[{"href":"https:\/\/legrain.tribalt.agency\/index.php?rest_route=\/wp\/v2\/pages"}],"about":[{"href":"https:\/\/legrain.tribalt.agency\/index.php?rest_route=\/wp\/v2\/types\/page"}],"author":[{"embeddable":true,"href":"https:\/\/legrain.tribalt.agency\/index.php?rest_route=\/wp\/v2\/users\/1"}],"replies":[{"embeddable":true,"href":"https:\/\/legrain.tribalt.agency\/index.php?rest_route=%2Fwp%2Fv2%2Fcomments&post=46585"}],"version-history":[{"count":10,"href":"https:\/\/legrain.tribalt.agency\/index.php?rest_route=\/wp\/v2\/pages\/46585\/revisions"}],"predecessor-version":[{"id":47829,"href":"https:\/\/legrain.tribalt.agency\/index.php?rest_route=\/wp\/v2\/pages\/46585\/revisions\/47829"}],"wp:attachment":[{"href":"https:\/\/legrain.tribalt.agency\/index.php?rest_route=%2Fwp%2Fv2%2Fmedia&parent=46585"}],"curies":[{"name":"wp","href":"https:\/\/api.w.org\/{rel}","templated":true}]}}