{"id":39144,"date":"2026-01-20T15:24:10","date_gmt":"2026-01-20T14:24:10","guid":{"rendered":"https:\/\/legrain.tribalt.agency\/?page_id=39144"},"modified":"2026-03-23T09:42:22","modified_gmt":"2026-03-23T08:42:22","slug":"evenements-a-venir","status":"publish","type":"page","link":"https:\/\/legrain.tribalt.agency\/?page_id=39144","title":{"rendered":"\u00c9v\u00e9nements \u00e0 venir"},"content":{"rendered":"\t\t<div data-elementor-type=\"wp-page\" data-elementor-id=\"39144\" class=\"elementor elementor-39144\" data-elementor-post-type=\"page\">\n\t\t\t\t<div class=\"elementor-element elementor-element-450dbec e-flex e-con-boxed e-con e-parent\" data-id=\"450dbec\" data-element_type=\"container\" data-e-type=\"container\">\n\t\t\t\t\t<div class=\"e-con-inner\">\n\t\t\t\t<div class=\"elementor-element elementor-element-cdaa0a4 elementor-widget elementor-widget-text-editor\" data-id=\"cdaa0a4\" data-element_type=\"widget\" data-e-type=\"widget\" data-widget_type=\"text-editor.default\">\n\t\t\t\t\t\t\t\t\t<h2>les \u00e9v\u00e9nements A VENIR<\/h2>\t\t\t\t\t\t\t\t<\/div>\n\t\t\t\t\t<\/div>\n\t\t\t\t<\/div>\n\t\t<div class=\"elementor-element elementor-element-7272808 e-flex e-con-boxed e-con e-parent\" data-id=\"7272808\" data-element_type=\"container\" data-e-type=\"container\">\n\t\t\t\t\t<div class=\"e-con-inner\">\n\t\t<div class=\"elementor-element elementor-element-2efbd61 e-con-full e-flex e-con e-child\" data-id=\"2efbd61\" data-element_type=\"container\" data-e-type=\"container\">\n\t\t<div class=\"elementor-element elementor-element-a15fbe0 e-con-full e-flex e-con e-child\" data-id=\"a15fbe0\" data-element_type=\"container\" data-e-type=\"container\" data-settings=\"{&quot;background_background&quot;:&quot;classic&quot;}\">\n\t\t\t\t<\/div>\n\t\t<div class=\"elementor-element elementor-element-9cbda53 e-con-full e-flex e-con e-child\" data-id=\"9cbda53\" data-element_type=\"container\" data-e-type=\"container\">\n\t\t\t\t<div class=\"elementor-element elementor-element-b839946 elementor-widget elementor-widget-text-editor\" data-id=\"b839946\" data-element_type=\"widget\" data-e-type=\"widget\" data-widget_type=\"text-editor.default\">\n\t\t\t\t\t\t\t\t\t<p>Les petits d\u00e9jeuners du Club<\/p>\t\t\t\t\t\t\t\t<\/div>\n\t\t\t\t<div class=\"elementor-element elementor-element-01f2e93 elementor-widget elementor-widget-heading\" data-id=\"01f2e93\" data-element_type=\"widget\" data-e-type=\"widget\" data-widget_type=\"heading.default\">\n\t\t\t\t\t<h2 class=\"elementor-heading-title elementor-size-default\">VERONIQUE CARDI<\/h2>\t\t\t\t<\/div>\n\t\t\t\t<div class=\"elementor-element elementor-element-a44940f elementor-widget elementor-widget-text-editor\" data-id=\"a44940f\" data-element_type=\"widget\" data-e-type=\"widget\" data-widget_type=\"text-editor.default\">\n\t\t\t\t\t\t\t\t\t<p>Presidente-DIRECTRICE GENERALE DES EDITIONS JC LATTES-GROUPE HACHETTE LIVRE. FEMME FORBES 2024. FEMME DE CULTURE 2023. YOUNG LEADER 2021 FRENCH-AMERICAN FOUNDATION<\/p>\t\t\t\t\t\t\t\t<\/div>\n\t\t\t\t<div class=\"elementor-element elementor-element-df2c874 elementor-widget elementor-widget-text-editor\" data-id=\"df2c874\" data-element_type=\"widget\" data-e-type=\"widget\" data-widget_type=\"text-editor.default\">\n\t\t\t\t\t\t\t\t\t<p><strong>Date :<\/strong> 2 avril 2026<\/p><p><strong>Th\u00e8me : <\/strong>Les d\u00e9fis de l\u2019\u00e9dition et de la litt\u00e9rature \u00e0 l\u2019heure de l\u2019IA.<\/p><p><strong>Lieu<\/strong>\u00a0: Paris La D\u00e9fense<\/p>\t\t\t\t\t\t\t\t<\/div>\n\t\t\t\t<\/div>\n\t\t\t\t<\/div>\n\t\t<div class=\"elementor-element elementor-element-529fe88 e-con-full e-flex e-con e-child\" data-id=\"529fe88\" data-element_type=\"container\" data-e-type=\"container\">\n\t\t<div class=\"elementor-element elementor-element-c5bddb7 e-con-full e-flex e-con e-child\" data-id=\"c5bddb7\" data-element_type=\"container\" data-e-type=\"container\" data-settings=\"{&quot;background_background&quot;:&quot;classic&quot;}\">\n\t\t\t\t<\/div>\n\t\t<div class=\"elementor-element elementor-element-8d91654 e-con-full e-flex e-con e-child\" data-id=\"8d91654\" data-element_type=\"container\" data-e-type=\"container\">\n\t\t\t\t<div class=\"elementor-element elementor-element-2425f39 elementor-widget elementor-widget-text-editor\" data-id=\"2425f39\" data-element_type=\"widget\" data-e-type=\"widget\" data-widget_type=\"text-editor.default\">\n\t\t\t\t\t\t\t\t\t<p>Les petits d\u00e9jeuners du Club<\/p>\t\t\t\t\t\t\t\t<\/div>\n\t\t\t\t<div class=\"elementor-element elementor-element-0675c82 elementor-widget elementor-widget-heading\" data-id=\"0675c82\" data-element_type=\"widget\" data-e-type=\"widget\" data-widget_type=\"heading.default\">\n\t\t\t\t\t<h2 class=\"elementor-heading-title elementor-size-default\">Audrey lefevre<\/h2>\t\t\t\t<\/div>\n\t\t\t\t<div class=\"elementor-element elementor-element-7829cbb elementor-widget elementor-widget-text-editor\" data-id=\"7829cbb\" data-element_type=\"widget\" data-e-type=\"widget\" data-widget_type=\"text-editor.default\">\n\t\t\t\t\t\t\t\t\t<p>EX MAQUILLEUSE A LA MAISON BLANCHE ET AUTRICE<\/p>\t\t\t\t\t\t\t\t<\/div>\n\t\t\t\t<div class=\"elementor-element elementor-element-613cd88 elementor-widget elementor-widget-text-editor\" data-id=\"613cd88\" data-element_type=\"widget\" data-e-type=\"widget\" data-widget_type=\"text-editor.default\">\n\t\t\t\t\t\t\t\t\t<p><strong>Date :<\/strong> 28 mai 2026<\/p><p><strong>Th\u00e8me : <\/strong>Dans les coulisses du pouvoir, le parcours d&rsquo;Audrey Lef\u00e8vre, une fran\u00e7aise \u00e0 la Maison Blanche.<\/p><p><strong>Lieu<\/strong>\u00a0: Paris La D\u00e9fense<\/p>\t\t\t\t\t\t\t\t<\/div>\n\t\t\t\t<\/div>\n\t\t\t\t<\/div>\n\t\t<div class=\"elementor-element elementor-element-64aa387 e-con-full e-flex e-con e-child\" data-id=\"64aa387\" data-element_type=\"container\" data-e-type=\"container\">\n\t\t<div class=\"elementor-element elementor-element-d67d304 e-con-full e-flex e-con e-child\" data-id=\"d67d304\" data-element_type=\"container\" data-e-type=\"container\" data-settings=\"{&quot;background_background&quot;:&quot;classic&quot;}\">\n\t\t\t\t<\/div>\n\t\t<div class=\"elementor-element elementor-element-2b63cb2 e-con-full e-flex e-con e-child\" data-id=\"2b63cb2\" data-element_type=\"container\" data-e-type=\"container\">\n\t\t\t\t<div class=\"elementor-element elementor-element-d167968 elementor-widget elementor-widget-text-editor\" data-id=\"d167968\" data-element_type=\"widget\" data-e-type=\"widget\" data-widget_type=\"text-editor.default\">\n\t\t\t\t\t\t\t\t\t<p>Les petits d\u00e9jeuners du Club<\/p>\t\t\t\t\t\t\t\t<\/div>\n\t\t\t\t<div class=\"elementor-element elementor-element-8eb24d0 elementor-widget elementor-widget-heading\" data-id=\"8eb24d0\" data-element_type=\"widget\" data-e-type=\"widget\" data-widget_type=\"heading.default\">\n\t\t\t\t\t<h2 class=\"elementor-heading-title elementor-size-default\">Bertrand austruy<\/h2>\t\t\t\t<\/div>\n\t\t\t\t<div class=\"elementor-element elementor-element-594d6d9 elementor-widget elementor-widget-text-editor\" data-id=\"594d6d9\" data-element_type=\"widget\" data-e-type=\"widget\" data-widget_type=\"text-editor.default\">\n\t\t\t\t\t\t\t\t\t<p>DRH du CLUB med<\/p>\t\t\t\t\t\t\t\t<\/div>\n\t\t\t\t<div class=\"elementor-element elementor-element-cd881f7 elementor-widget elementor-widget-text-editor\" data-id=\"cd881f7\" data-element_type=\"widget\" data-e-type=\"widget\" data-widget_type=\"text-editor.default\">\n\t\t\t\t\t\t\t\t\t<p><strong>Date :<\/strong> 18 juin 2026<\/p><p><strong>Th\u00e8me : <\/strong>L&rsquo;expansion internationale de demain : talents, cultures &amp; mobilit\u00e9s sous contrainte.\u00a0<\/p><p><strong>Lieu<\/strong>\u00a0: Paris La D\u00e9fense<\/p>\t\t\t\t\t\t\t\t<\/div>\n\t\t\t\t<\/div>\n\t\t\t\t<\/div>\n\t\t\t\t\t<\/div>\n\t\t\t\t<\/div>\n\t\t<div class=\"elementor-element elementor-element-2abd6f6 e-flex e-con-boxed e-con e-parent\" data-id=\"2abd6f6\" data-element_type=\"container\" data-e-type=\"container\">\n\t\t\t\t\t<div class=\"e-con-inner\">\n\t\t<div class=\"elementor-element elementor-element-8e2ca72 e-con-full e-flex e-con e-child\" data-id=\"8e2ca72\" data-element_type=\"container\" data-e-type=\"container\">\n\t\t\t\t<div class=\"elementor-element elementor-element-dd5c153 elementor-widget elementor-widget-tadao_core_button\" data-id=\"dd5c153\" data-element_type=\"widget\" data-e-type=\"widget\" data-widget_type=\"tadao_core_button.default\">\n\t\t\t\t<div class=\"elementor-widget-container\">\n\t\t\t\t\t<a class=\"qodef-shortcode qodef-m qodef-button qodef-layout--outlined qodef-html--link\" href=\"https:\/\/legrain.tribalt.agency\/?page_id=6911\" target=\"_self\"  >\n\t<span class=\"qodef-m-text\">Je souhaite participer \u00e0 cet \u00e9v\u00e9nement<\/span>\n<\/a>\n\t\t\t\t<\/div>\n\t\t\t\t<\/div>\n\t\t\t\t<\/div>\n\t\t<div class=\"elementor-element elementor-element-e904a22 e-con-full e-flex e-con e-child\" data-id=\"e904a22\" data-element_type=\"container\" data-e-type=\"container\">\n\t\t\t\t<div class=\"elementor-element elementor-element-f045c77 elementor-widget__width-initial elementor-widget elementor-widget-tadao_core_button\" data-id=\"f045c77\" data-element_type=\"widget\" data-e-type=\"widget\" data-widget_type=\"tadao_core_button.default\">\n\t\t\t\t<div class=\"elementor-widget-container\">\n\t\t\t\t\t<a class=\"qodef-shortcode qodef-m qodef-button qodef-layout--outlined qodef-html--link\" href=\"https:\/\/legrain.tribalt.agency\/?page_id=6911\" target=\"_self\"  >\n\t<span class=\"qodef-m-text\">Je souhaite participer \u00e0 cet \u00e9v\u00e9nement<\/span>\n<\/a>\n\t\t\t\t<\/div>\n\t\t\t\t<\/div>\n\t\t\t\t<\/div>\n\t\t<div class=\"elementor-element elementor-element-18d5867 e-con-full e-flex e-con e-child\" data-id=\"18d5867\" data-element_type=\"container\" data-e-type=\"container\">\n\t\t\t\t<div class=\"elementor-element elementor-element-07c659b elementor-widget__width-initial elementor-widget elementor-widget-tadao_core_button\" data-id=\"07c659b\" data-element_type=\"widget\" data-e-type=\"widget\" data-widget_type=\"tadao_core_button.default\">\n\t\t\t\t<div class=\"elementor-widget-container\">\n\t\t\t\t\t<a class=\"qodef-shortcode qodef-m qodef-button qodef-layout--outlined qodef-html--link\" href=\"https:\/\/legrain.tribalt.agency\/?page_id=6911\" target=\"_self\"  >\n\t<span class=\"qodef-m-text\">Je souhaite participer \u00e0 cet \u00e9v\u00e9nement<\/span>\n<\/a>\n\t\t\t\t<\/div>\n\t\t\t\t<\/div>\n\t\t\t\t<\/div>\n\t\t\t\t\t<\/div>\n\t\t\t\t<\/div>\n\t\t\t\t<\/div>\n\t\t","protected":false},"excerpt":{"rendered":"<p>les \u00e9v\u00e9nements A VENIR Les petits d\u00e9jeuners du Club VERONIQUE CARDI Presidente-DIRECTRICE GENERALE DES EDITIONS JC LATTES-GROUPE HACHETTE LIVRE. FEMME FORBES 2024. FEMME DE CULTURE 2023. YOUNG LEADER 2021 FRENCH-AMERICAN FOUNDATION Date : 2 avril 2026 Th\u00e8me : Les d\u00e9fis de l\u2019\u00e9dition et de la litt\u00e9rature \u00e0 l\u2019heure de l\u2019IA. Lieu\u00a0: Paris La D\u00e9fense Les [&hellip;]<\/p>\n","protected":false},"author":1,"featured_media":47272,"parent":0,"menu_order":0,"comment_status":"closed","ping_status":"closed","template":"","meta":{"_acf_changed":false,"footnotes":""},"class_list":["post-39144","page","type-page","status-publish","has-post-thumbnail","hentry"],"acf":[],"_links":{"self":[{"href":"https:\/\/legrain.tribalt.agency\/index.php?rest_route=\/wp\/v2\/pages\/39144","targetHints":{"allow":["GET"]}}],"collection":[{"href":"https:\/\/legrain.tribalt.agency\/index.php?rest_route=\/wp\/v2\/pages"}],"about":[{"href":"https:\/\/legrain.tribalt.agency\/index.php?rest_route=\/wp\/v2\/types\/page"}],"author":[{"embeddable":true,"href":"https:\/\/legrain.tribalt.agency\/index.php?rest_route=\/wp\/v2\/users\/1"}],"replies":[{"embeddable":true,"href":"https:\/\/legrain.tribalt.agency\/index.php?rest_route=%2Fwp%2Fv2%2Fcomments&post=39144"}],"version-history":[{"count":251,"href":"https:\/\/legrain.tribalt.agency\/index.php?rest_route=\/wp\/v2\/pages\/39144\/revisions"}],"predecessor-version":[{"id":47871,"href":"https:\/\/legrain.tribalt.agency\/index.php?rest_route=\/wp\/v2\/pages\/39144\/revisions\/47871"}],"wp:featuredmedia":[{"embeddable":true,"href":"https:\/\/legrain.tribalt.agency\/index.php?rest_route=\/wp\/v2\/media\/47272"}],"wp:attachment":[{"href":"https:\/\/legrain.tribalt.agency\/index.php?rest_route=%2Fwp%2Fv2%2Fmedia&parent=39144"}],"curies":[{"name":"wp","href":"https:\/\/api.w.org\/{rel}","templated":true}]}}